{"id":780,"date":"2025-11-06T14:06:41","date_gmt":"2025-11-06T17:06:41","guid":{"rendered":"https:\/\/editora.historiadapsicologia.com.br\/?page_id=780"},"modified":"2026-03-17T09:26:51","modified_gmt":"2026-03-17T12:26:51","slug":"manual-de-metodo-clinico","status":"publish","type":"page","link":"https:\/\/editora.historiadapsicologia.com.br\/index.php\/manual-de-metodo-clinico\/","title":{"rendered":"Manual de M\u00e9todo Cl\u00ednico"},"content":{"rendered":"\t\t<div data-elementor-type=\"wp-page\" data-elementor-id=\"780\" class=\"elementor elementor-780\">\n\t\t\t\t\t\t<section class=\"elementor-section elementor-top-section elementor-element elementor-element-1b89c53 elementor-section-stretched elementor-section-boxed elementor-section-height-default elementor-section-height-default\" data-id=\"1b89c53\" data-element_type=\"section\" data-e-type=\"section\" data-settings=\"{&quot;stretch_section&quot;:&quot;section-stretched&quot;}\">\n\t\t\t\t\t\t<div class=\"elementor-container elementor-column-gap-default\">\n\t\t\t\t\t<div class=\"elementor-column elementor-col-50 elementor-top-column elementor-element elementor-element-fd02d68\" data-id=\"fd02d68\" data-element_type=\"column\" data-e-type=\"column\">\n\t\t\t<div class=\"elementor-widget-wrap elementor-element-populated\">\n\t\t\t\t\t\t<div class=\"elementor-element elementor-element-74d615c elementor-widget elementor-widget-image\" data-id=\"74d615c\" data-element_type=\"widget\" data-e-type=\"widget\" data-widget_type=\"image.default\">\n\t\t\t\t<div class=\"elementor-widget-container\">\n\t\t\t\t\t\t\t\t\t\t\t\t\t\t\t\t<a href=\"https:\/\/doi.org\/10.5281\/zenodo.17573683\" target=\"_blank\">\n\t\t\t\t\t\t\t<img fetchpriority=\"high\" decoding=\"async\" width=\"721\" height=\"1024\" src=\"https:\/\/editora.historiadapsicologia.com.br\/wp-content\/uploads\/2025\/11\/Capa-721x1024.png\" class=\"attachment-large size-large wp-image-781\" alt=\"Manual de M\u00e9todo Cl\u00ednico para Contextos de Ensino de Psicologia\" srcset=\"https:\/\/editora.historiadapsicologia.com.br\/wp-content\/uploads\/2025\/11\/Capa-721x1024.png 721w, https:\/\/editora.historiadapsicologia.com.br\/wp-content\/uploads\/2025\/11\/Capa-211x300.png 211w, https:\/\/editora.historiadapsicologia.com.br\/wp-content\/uploads\/2025\/11\/Capa-768x1090.png 768w, https:\/\/editora.historiadapsicologia.com.br\/wp-content\/uploads\/2025\/11\/Capa.png 1409w\" sizes=\"(max-width: 721px) 100vw, 721px\" style=\"width:100%;height:141.94%;max-width:1409px\" \/>\t\t\t\t\t\t\t\t<\/a>\n\t\t\t\t\t\t\t\t\t\t\t\t\t\t\t<\/div>\n\t\t\t\t<\/div>\n\t\t\t\t\t<\/div>\n\t\t<\/div>\n\t\t\t\t<div class=\"elementor-column elementor-col-50 elementor-top-column elementor-element elementor-element-c815fa9\" data-id=\"c815fa9\" data-element_type=\"column\" data-e-type=\"column\">\n\t\t\t<div class=\"elementor-widget-wrap elementor-element-populated\">\n\t\t\t\t\t\t<div class=\"elementor-element elementor-element-aad3561 elementor-widget__width-initial elementor-widget elementor-widget-text-editor\" data-id=\"aad3561\" data-element_type=\"widget\" data-e-type=\"widget\" data-widget_type=\"text-editor.default\">\n\t\t\t\t<div class=\"elementor-widget-container\">\n\t\t\t\t\t\t\t\t\t<h2 id=\"sparrow\" class=\"has-text-align-left has-large-font-size wp-block-heading\"><em><strong>Manual de M\u00e9todo Cl\u00ednico para Contextos de Ensino de Psicologia<\/strong><\/em><\/h2><h2 class=\"has-text-align-left has-medium-font-size wp-block-heading\">Andr\u00e9 Elias Morelli Ribeiro<\/h2><p>\u00a0<\/p><p>ISBN: 978-65-997325-7-7<\/p><p>\u00a0<\/p><p id=\"sparrow\" class=\"has-text-align-left has-medium-font-size wp-block-heading\"><a href=\"https:\/\/doi.org\/10.5281\/zenodo.17573683\"><em>DOI<\/em><\/a><\/p><p class=\"has-text-align-left has-medium-font-size\"><a href=\"https:\/\/editora.historiadapsicologia.com.br\/wp-content\/uploads\/2026\/03\/Manual-de-Metodo-Clinico-Genebra-COM-CAPA.pdf\" target=\"_blank\" rel=\"noopener\"><em>Visualiza\u00e7\u00e3o<\/em><\/a><\/p><p><a href=\"https:\/\/www.amazon.com.br\/dp\/B0GGZHXPGB\">Amazon<\/a><\/p>\t\t\t\t\t\t\t\t<\/div>\n\t\t\t\t<\/div>\n\t\t\t\t\t<\/div>\n\t\t<\/div>\n\t\t\t\t\t<\/div>\n\t\t<\/section>\n\t\t\t\t<section class=\"elementor-section elementor-top-section elementor-element elementor-element-b5313e0 elementor-section-boxed elementor-section-height-default elementor-section-height-default\" data-id=\"b5313e0\" data-element_type=\"section\" data-e-type=\"section\">\n\t\t\t\t\t\t<div class=\"elementor-container elementor-column-gap-default\">\n\t\t\t\t\t<div class=\"elementor-column elementor-col-100 elementor-top-column elementor-element elementor-element-cd8dd7a\" data-id=\"cd8dd7a\" data-element_type=\"column\" data-e-type=\"column\">\n\t\t\t<div class=\"elementor-widget-wrap elementor-element-populated\">\n\t\t\t\t\t\t<div class=\"elementor-element elementor-element-83410a9 elementor-widget-divider--view-line elementor-widget elementor-widget-divider\" data-id=\"83410a9\" data-element_type=\"widget\" data-e-type=\"widget\" data-widget_type=\"divider.default\">\n\t\t\t\t<div class=\"elementor-widget-container\">\n\t\t\t\t\t\t\t<div class=\"elementor-divider\">\n\t\t\t<span class=\"elementor-divider-separator\">\n\t\t\t\t\t\t<\/span>\n\t\t<\/div>\n\t\t\t\t\t\t<\/div>\n\t\t\t\t<\/div>\n\t\t\t\t\t<\/div>\n\t\t<\/div>\n\t\t\t\t\t<\/div>\n\t\t<\/section>\n\t\t\t\t<section class=\"elementor-section elementor-top-section elementor-element elementor-element-c2abdf3 elementor-section-stretched elementor-section-boxed elementor-section-height-default elementor-section-height-default\" data-id=\"c2abdf3\" data-element_type=\"section\" data-e-type=\"section\" data-settings=\"{&quot;stretch_section&quot;:&quot;section-stretched&quot;}\">\n\t\t\t\t\t\t<div class=\"elementor-container elementor-column-gap-default\">\n\t\t\t\t\t<div class=\"elementor-column elementor-col-100 elementor-top-column elementor-element elementor-element-a482aa2\" data-id=\"a482aa2\" data-element_type=\"column\" data-e-type=\"column\">\n\t\t\t<div class=\"elementor-widget-wrap elementor-element-populated\">\n\t\t\t\t\t\t<div class=\"elementor-element elementor-element-1c6ddd7 elementor-widget elementor-widget-text-editor\" data-id=\"1c6ddd7\" data-element_type=\"widget\" data-e-type=\"widget\" data-widget_type=\"text-editor.default\">\n\t\t\t\t<div class=\"elementor-widget-container\">\n\t\t\t\t\t\t\t\t\t<p class=\"has-text-align-left has-medium-font-size\">Como citar:<\/p><p><strong>ABNT<br \/><\/strong>RIBEIRO, Andr\u00e9 Elias Morelli. <strong>Manual de m\u00e9todo cl\u00ednico para contextos de ensino de psicologia<\/strong>. Rio das Ostras, RJ: Editora do Portal Hist\u00f3ria da Psicologia, 2025. Dispon\u00edvel em: &lt;https:\/\/doi.org\/10.5281\/zenodo.17573683&gt; Acesso em:<\/p><p>\u00a0<\/p><p class=\"has-text-align-left\"><strong>APA<\/strong><\/p><p class=\"has-text-align-left\">Ribeiro, A. E. M. (2025). <em>Manual de M\u00e9todo Cl\u00ednico para Contextos de Ensino de Psicologia<\/em>. Rio das Ostras: Editora do Portal Hist\u00f3ria da Psicologia. Retirado de https:\/\/doi.org\/10.5281\/zenodo.17573683<\/p>\t\t\t\t\t\t\t\t<\/div>\n\t\t\t\t<\/div>\n\t\t\t\t\t<\/div>\n\t\t<\/div>\n\t\t\t\t\t<\/div>\n\t\t<\/section>\n\t\t\t\t<section class=\"elementor-section elementor-top-section elementor-element elementor-element-113c998 elementor-section-boxed elementor-section-height-default elementor-section-height-default\" data-id=\"113c998\" data-element_type=\"section\" data-e-type=\"section\">\n\t\t\t\t\t\t<div class=\"elementor-container elementor-column-gap-default\">\n\t\t\t\t\t<div class=\"elementor-column elementor-col-100 elementor-top-column elementor-element elementor-element-c386b90\" data-id=\"c386b90\" data-element_type=\"column\" data-e-type=\"column\">\n\t\t\t<div class=\"elementor-widget-wrap elementor-element-populated\">\n\t\t\t\t\t\t<div class=\"elementor-element elementor-element-e932a8f elementor-widget-divider--view-line elementor-widget elementor-widget-divider\" data-id=\"e932a8f\" data-element_type=\"widget\" data-e-type=\"widget\" data-widget_type=\"divider.default\">\n\t\t\t\t<div class=\"elementor-widget-container\">\n\t\t\t\t\t\t\t<div class=\"elementor-divider\">\n\t\t\t<span class=\"elementor-divider-separator\">\n\t\t\t\t\t\t<\/span>\n\t\t<\/div>\n\t\t\t\t\t\t<\/div>\n\t\t\t\t<\/div>\n\t\t\t\t\t<\/div>\n\t\t<\/div>\n\t\t\t\t\t<\/div>\n\t\t<\/section>\n\t\t\t\t<section class=\"elementor-section elementor-top-section elementor-element elementor-element-e46325b elementor-section-full_width elementor-section-height-default elementor-section-height-default\" data-id=\"e46325b\" data-element_type=\"section\" data-e-type=\"section\">\n\t\t\t\t\t\t<div class=\"elementor-container elementor-column-gap-default\">\n\t\t\t\t\t<div class=\"elementor-column elementor-col-100 elementor-top-column elementor-element elementor-element-31be139\" data-id=\"31be139\" data-element_type=\"column\" data-e-type=\"column\">\n\t\t\t<div class=\"elementor-widget-wrap elementor-element-populated\">\n\t\t\t\t\t\t<div class=\"elementor-element elementor-element-a63529c elementor-widget elementor-widget-pdfjs-viewer\" data-id=\"a63529c\" data-element_type=\"widget\" data-e-type=\"widget\" data-widget_type=\"pdfjs-viewer.default\">\n\t\t\t\t<div class=\"elementor-widget-container\">\n\t\t\t\t\t<iframe width=\"\" height=\"1000\" src=\"https:\/\/editora.historiadapsicologia.com.br\/wp-content\/plugins\/pdfjs-viewer-for-elementor\/\/assets\/js\/pdfjs\/web\/viewer.html?file=https:\/\/editora.historiadapsicologia.com.br\/wp-content\/uploads\/2026\/03\/Manual-de-Metodo-Clinico-Genebra-COM-CAPA.pdf\"><\/iframe>\t\t\t\t<\/div>\n\t\t\t\t<\/div>\n\t\t\t\t\t<\/div>\n\t\t<\/div>\n\t\t\t\t\t<\/div>\n\t\t<\/section>\n\t\t\t\t<\/div>\n\t\t","protected":false},"excerpt":{"rendered":"<p>Manual de M\u00e9todo Cl\u00ednico para Contextos de Ensino de Psicologia Andr\u00e9 Elias Morelli Ribeiro \u00a0 ISBN: 978-65-997325-7-7 \u00a0 DOI Visualiza\u00e7\u00e3o Amazon Como citar: ABNTRIBEIRO, Andr\u00e9 Elias Morelli. Manual de m\u00e9todo cl\u00ednico para contextos de ensino de psicologia. Rio das Ostras, RJ: Editora do Portal Hist\u00f3ria da Psicologia, 2025. Dispon\u00edvel em: &lt;https:\/\/doi.org\/10.5281\/zenodo.17573683&gt; Acesso em: \u00a0 APA&hellip; <a class=\"more-link\" href=\"https:\/\/editora.historiadapsicologia.com.br\/index.php\/manual-de-metodo-clinico\/\">Continuar lendo <span class=\"screen-reader-text\">Manual de M\u00e9todo Cl\u00ednico<\/span><\/a><\/p>\n","protected":false},"author":1,"featured_media":0,"parent":0,"menu_order":0,"comment_status":"closed","ping_status":"closed","template":"","meta":{"_monsterinsights_skip_tracking":false,"_monsterinsights_sitenote_active":false,"_monsterinsights_sitenote_note":"","_monsterinsights_sitenote_category":0,"footnotes":""},"class_list":["post-780","page","type-page","status-publish","hentry","entry"],"yoast_head":"<!-- This site is optimized with the Yoast SEO plugin v27.2 - https:\/\/yoast.com\/product\/yoast-seo-wordpress\/ -->\n<title>Manual de M\u00e9todo Cl\u00ednico - Editora do Portal<\/title>\n<meta name=\"robots\" content=\"index, follow, max-snippet:-1, max-image-preview:large, max-video-preview:-1\" \/>\n<link rel=\"canonical\" href=\"https:\/\/editora.historiadapsicologia.com.br\/index.php\/manual-de-metodo-clinico\/\" \/>\n<meta property=\"og:locale\" content=\"pt_BR\" \/>\n<meta property=\"og:type\" content=\"article\" \/>\n<meta property=\"og:title\" content=\"Manual de M\u00e9todo Cl\u00ednico - Editora do Portal\" \/>\n<meta property=\"og:description\" content=\"Manual de M\u00e9todo Cl\u00ednico para Contextos de Ensino de Psicologia Andr\u00e9 Elias Morelli Ribeiro \u00a0 ISBN: 978-65-997325-7-7 \u00a0 DOI Visualiza\u00e7\u00e3o Amazon Como citar: ABNTRIBEIRO, Andr\u00e9 Elias Morelli. Manual de m\u00e9todo cl\u00ednico para contextos de ensino de psicologia. Rio das Ostras, RJ: Editora do Portal Hist\u00f3ria da Psicologia, 2025. Dispon\u00edvel em: &lt;https:\/\/doi.org\/10.5281\/zenodo.17573683&gt; Acesso em: \u00a0 APA&hellip; Continuar lendo Manual de M\u00e9todo Cl\u00ednico\" \/>\n<meta property=\"og:url\" content=\"https:\/\/editora.historiadapsicologia.com.br\/index.php\/manual-de-metodo-clinico\/\" \/>\n<meta property=\"og:site_name\" content=\"Editora do Portal\" \/>\n<meta property=\"article:publisher\" content=\"https:\/\/www.facebook.com\/HistoriaDaPsicologiaBrasil\/\" \/>\n<meta property=\"article:modified_time\" content=\"2026-03-17T12:26:51+00:00\" \/>\n<meta property=\"og:image\" content=\"https:\/\/editora.historiadapsicologia.com.br\/wp-content\/uploads\/2025\/11\/Capa-721x1024.png\" \/>\n\t<meta property=\"og:image:width\" content=\"721\" \/>\n\t<meta property=\"og:image:height\" content=\"1024\" \/>\n\t<meta property=\"og:image:type\" content=\"image\/png\" \/>\n<meta name=\"twitter:card\" content=\"summary_large_image\" \/>\n<meta name=\"twitter:site\" content=\"@Hist_Psicologia\" \/>\n<meta name=\"twitter:label1\" content=\"Est. tempo de leitura\" \/>\n\t<meta name=\"twitter:data1\" content=\"1 minuto\" \/>\n<script type=\"application\/ld+json\" class=\"yoast-schema-graph\">{\"@context\":\"https:\/\/schema.org\",\"@graph\":[{\"@type\":\"WebPage\",\"@id\":\"https:\/\/editora.historiadapsicologia.com.br\/index.php\/manual-de-metodo-clinico\/\",\"url\":\"https:\/\/editora.historiadapsicologia.com.br\/index.php\/manual-de-metodo-clinico\/\",\"name\":\"Manual de M\u00e9todo Cl\u00ednico - Editora do Portal\",\"isPartOf\":{\"@id\":\"https:\/\/editora.historiadapsicologia.com.br\/#website\"},\"primaryImageOfPage\":{\"@id\":\"https:\/\/editora.historiadapsicologia.com.br\/index.php\/manual-de-metodo-clinico\/#primaryimage\"},\"image\":{\"@id\":\"https:\/\/editora.historiadapsicologia.com.br\/index.php\/manual-de-metodo-clinico\/#primaryimage\"},\"thumbnailUrl\":\"https:\/\/editora.historiadapsicologia.com.br\/wp-content\/uploads\/2025\/11\/Capa-721x1024.png\",\"datePublished\":\"2025-11-06T17:06:41+00:00\",\"dateModified\":\"2026-03-17T12:26:51+00:00\",\"breadcrumb\":{\"@id\":\"https:\/\/editora.historiadapsicologia.com.br\/index.php\/manual-de-metodo-clinico\/#breadcrumb\"},\"inLanguage\":\"pt-BR\",\"potentialAction\":[{\"@type\":\"ReadAction\",\"target\":[\"https:\/\/editora.historiadapsicologia.com.br\/index.php\/manual-de-metodo-clinico\/\"]}]},{\"@type\":\"ImageObject\",\"inLanguage\":\"pt-BR\",\"@id\":\"https:\/\/editora.historiadapsicologia.com.br\/index.php\/manual-de-metodo-clinico\/#primaryimage\",\"url\":\"https:\/\/editora.historiadapsicologia.com.br\/wp-content\/uploads\/2025\/11\/Capa.png\",\"contentUrl\":\"https:\/\/editora.historiadapsicologia.com.br\/wp-content\/uploads\/2025\/11\/Capa.png\",\"width\":1409,\"height\":2000,\"caption\":\"Manual de M\u00e9todo Cl\u00ednico para Contextos de Ensino de Psicologia\"},{\"@type\":\"BreadcrumbList\",\"@id\":\"https:\/\/editora.historiadapsicologia.com.br\/index.php\/manual-de-metodo-clinico\/#breadcrumb\",\"itemListElement\":[{\"@type\":\"ListItem\",\"position\":1,\"name\":\"In\u00edcio\",\"item\":\"https:\/\/editora.historiadapsicologia.com.br\/\"},{\"@type\":\"ListItem\",\"position\":2,\"name\":\"Manual de M\u00e9todo Cl\u00ednico\"}]},{\"@type\":\"WebSite\",\"@id\":\"https:\/\/editora.historiadapsicologia.com.br\/#website\",\"url\":\"https:\/\/editora.historiadapsicologia.com.br\/\",\"name\":\"Editora do Portal\",\"description\":\"Editora vinculada ao Portal Hist\u00f3ria da Psicologia\",\"publisher\":{\"@id\":\"https:\/\/editora.historiadapsicologia.com.br\/#organization\"},\"potentialAction\":[{\"@type\":\"SearchAction\",\"target\":{\"@type\":\"EntryPoint\",\"urlTemplate\":\"https:\/\/editora.historiadapsicologia.com.br\/?s={search_term_string}\"},\"query-input\":{\"@type\":\"PropertyValueSpecification\",\"valueRequired\":true,\"valueName\":\"search_term_string\"}}],\"inLanguage\":\"pt-BR\"},{\"@type\":\"Organization\",\"@id\":\"https:\/\/editora.historiadapsicologia.com.br\/#organization\",\"name\":\"Editora do Portal\",\"url\":\"https:\/\/editora.historiadapsicologia.com.br\/\",\"logo\":{\"@type\":\"ImageObject\",\"inLanguage\":\"pt-BR\",\"@id\":\"https:\/\/editora.historiadapsicologia.com.br\/#\/schema\/logo\/image\/\",\"url\":\"https:\/\/editora.historiadapsicologia.com.br\/wp-content\/uploads\/2023\/04\/cropped-Logo-editora-simples.jpg\",\"contentUrl\":\"https:\/\/editora.historiadapsicologia.com.br\/wp-content\/uploads\/2023\/04\/cropped-Logo-editora-simples.jpg\",\"width\":582,\"height\":450,\"caption\":\"Editora do Portal\"},\"image\":{\"@id\":\"https:\/\/editora.historiadapsicologia.com.br\/#\/schema\/logo\/image\/\"},\"sameAs\":[\"https:\/\/www.facebook.com\/HistoriaDaPsicologiaBrasil\/\",\"https:\/\/x.com\/Hist_Psicologia\",\"https:\/\/www.instagram.com\/historiadapsicologia\"]}]}<\/script>\n<!-- \/ Yoast SEO plugin. -->","yoast_head_json":{"title":"Manual de M\u00e9todo Cl\u00ednico - Editora do Portal","robots":{"index":"index","follow":"follow","max-snippet":"max-snippet:-1","max-image-preview":"max-image-preview:large","max-video-preview":"max-video-preview:-1"},"canonical":"https:\/\/editora.historiadapsicologia.com.br\/index.php\/manual-de-metodo-clinico\/","og_locale":"pt_BR","og_type":"article","og_title":"Manual de M\u00e9todo Cl\u00ednico - Editora do Portal","og_description":"Manual de M\u00e9todo Cl\u00ednico para Contextos de Ensino de Psicologia Andr\u00e9 Elias Morelli Ribeiro \u00a0 ISBN: 978-65-997325-7-7 \u00a0 DOI Visualiza\u00e7\u00e3o Amazon Como citar: ABNTRIBEIRO, Andr\u00e9 Elias Morelli. Manual de m\u00e9todo cl\u00ednico para contextos de ensino de psicologia. Rio das Ostras, RJ: Editora do Portal Hist\u00f3ria da Psicologia, 2025. Dispon\u00edvel em: &lt;https:\/\/doi.org\/10.5281\/zenodo.17573683&gt; Acesso em: \u00a0 APA&hellip; Continuar lendo Manual de M\u00e9todo Cl\u00ednico","og_url":"https:\/\/editora.historiadapsicologia.com.br\/index.php\/manual-de-metodo-clinico\/","og_site_name":"Editora do Portal","article_publisher":"https:\/\/www.facebook.com\/HistoriaDaPsicologiaBrasil\/","article_modified_time":"2026-03-17T12:26:51+00:00","og_image":[{"width":721,"height":1024,"url":"https:\/\/editora.historiadapsicologia.com.br\/wp-content\/uploads\/2025\/11\/Capa-721x1024.png","type":"image\/png"}],"twitter_card":"summary_large_image","twitter_site":"@Hist_Psicologia","twitter_misc":{"Est. tempo de leitura":"1 minuto"},"schema":{"@context":"https:\/\/schema.org","@graph":[{"@type":"WebPage","@id":"https:\/\/editora.historiadapsicologia.com.br\/index.php\/manual-de-metodo-clinico\/","url":"https:\/\/editora.historiadapsicologia.com.br\/index.php\/manual-de-metodo-clinico\/","name":"Manual de M\u00e9todo Cl\u00ednico - Editora do Portal","isPartOf":{"@id":"https:\/\/editora.historiadapsicologia.com.br\/#website"},"primaryImageOfPage":{"@id":"https:\/\/editora.historiadapsicologia.com.br\/index.php\/manual-de-metodo-clinico\/#primaryimage"},"image":{"@id":"https:\/\/editora.historiadapsicologia.com.br\/index.php\/manual-de-metodo-clinico\/#primaryimage"},"thumbnailUrl":"https:\/\/editora.historiadapsicologia.com.br\/wp-content\/uploads\/2025\/11\/Capa-721x1024.png","datePublished":"2025-11-06T17:06:41+00:00","dateModified":"2026-03-17T12:26:51+00:00","breadcrumb":{"@id":"https:\/\/editora.historiadapsicologia.com.br\/index.php\/manual-de-metodo-clinico\/#breadcrumb"},"inLanguage":"pt-BR","potentialAction":[{"@type":"ReadAction","target":["https:\/\/editora.historiadapsicologia.com.br\/index.php\/manual-de-metodo-clinico\/"]}]},{"@type":"ImageObject","inLanguage":"pt-BR","@id":"https:\/\/editora.historiadapsicologia.com.br\/index.php\/manual-de-metodo-clinico\/#primaryimage","url":"https:\/\/editora.historiadapsicologia.com.br\/wp-content\/uploads\/2025\/11\/Capa.png","contentUrl":"https:\/\/editora.historiadapsicologia.com.br\/wp-content\/uploads\/2025\/11\/Capa.png","width":1409,"height":2000,"caption":"Manual de M\u00e9todo Cl\u00ednico para Contextos de Ensino de Psicologia"},{"@type":"BreadcrumbList","@id":"https:\/\/editora.historiadapsicologia.com.br\/index.php\/manual-de-metodo-clinico\/#breadcrumb","itemListElement":[{"@type":"ListItem","position":1,"name":"In\u00edcio","item":"https:\/\/editora.historiadapsicologia.com.br\/"},{"@type":"ListItem","position":2,"name":"Manual de M\u00e9todo Cl\u00ednico"}]},{"@type":"WebSite","@id":"https:\/\/editora.historiadapsicologia.com.br\/#website","url":"https:\/\/editora.historiadapsicologia.com.br\/","name":"Editora do Portal","description":"Editora vinculada ao Portal Hist\u00f3ria da Psicologia","publisher":{"@id":"https:\/\/editora.historiadapsicologia.com.br\/#organization"},"potentialAction":[{"@type":"SearchAction","target":{"@type":"EntryPoint","urlTemplate":"https:\/\/editora.historiadapsicologia.com.br\/?s={search_term_string}"},"query-input":{"@type":"PropertyValueSpecification","valueRequired":true,"valueName":"search_term_string"}}],"inLanguage":"pt-BR"},{"@type":"Organization","@id":"https:\/\/editora.historiadapsicologia.com.br\/#organization","name":"Editora do Portal","url":"https:\/\/editora.historiadapsicologia.com.br\/","logo":{"@type":"ImageObject","inLanguage":"pt-BR","@id":"https:\/\/editora.historiadapsicologia.com.br\/#\/schema\/logo\/image\/","url":"https:\/\/editora.historiadapsicologia.com.br\/wp-content\/uploads\/2023\/04\/cropped-Logo-editora-simples.jpg","contentUrl":"https:\/\/editora.historiadapsicologia.com.br\/wp-content\/uploads\/2023\/04\/cropped-Logo-editora-simples.jpg","width":582,"height":450,"caption":"Editora do Portal"},"image":{"@id":"https:\/\/editora.historiadapsicologia.com.br\/#\/schema\/logo\/image\/"},"sameAs":["https:\/\/www.facebook.com\/HistoriaDaPsicologiaBrasil\/","https:\/\/x.com\/Hist_Psicologia","https:\/\/www.instagram.com\/historiadapsicologia"]}]}},"_links":{"self":[{"href":"https:\/\/editora.historiadapsicologia.com.br\/index.php\/wp-json\/wp\/v2\/pages\/780","targetHints":{"allow":["GET"]}}],"collection":[{"href":"https:\/\/editora.historiadapsicologia.com.br\/index.php\/wp-json\/wp\/v2\/pages"}],"about":[{"href":"https:\/\/editora.historiadapsicologia.com.br\/index.php\/wp-json\/wp\/v2\/types\/page"}],"author":[{"embeddable":true,"href":"https:\/\/editora.historiadapsicologia.com.br\/index.php\/wp-json\/wp\/v2\/users\/1"}],"replies":[{"embeddable":true,"href":"https:\/\/editora.historiadapsicologia.com.br\/index.php\/wp-json\/wp\/v2\/comments?post=780"}],"version-history":[{"count":21,"href":"https:\/\/editora.historiadapsicologia.com.br\/index.php\/wp-json\/wp\/v2\/pages\/780\/revisions"}],"predecessor-version":[{"id":1072,"href":"https:\/\/editora.historiadapsicologia.com.br\/index.php\/wp-json\/wp\/v2\/pages\/780\/revisions\/1072"}],"wp:attachment":[{"href":"https:\/\/editora.historiadapsicologia.com.br\/index.php\/wp-json\/wp\/v2\/media?parent=780"}],"curies":[{"name":"wp","href":"https:\/\/api.w.org\/{rel}","templated":true}]}}