{"id":757,"date":"2025-09-05T16:16:34","date_gmt":"2025-09-05T19:16:34","guid":{"rendered":"https:\/\/editora.historiadapsicologia.com.br\/?page_id=757"},"modified":"2026-03-17T09:27:21","modified_gmt":"2026-03-17T12:27:21","slug":"wikihp-2a-ed","status":"publish","type":"page","link":"https:\/\/editora.historiadapsicologia.com.br\/index.php\/wikihp-2a-ed\/","title":{"rendered":"WikiHP 2a ed"},"content":{"rendered":"\t\t<div data-elementor-type=\"wp-page\" data-elementor-id=\"757\" class=\"elementor elementor-757\">\n\t\t\t\t\t\t<section class=\"elementor-section elementor-top-section elementor-element elementor-element-1b89c53 elementor-section-stretched elementor-section-boxed elementor-section-height-default elementor-section-height-default\" data-id=\"1b89c53\" data-element_type=\"section\" data-e-type=\"section\" data-settings=\"{&quot;stretch_section&quot;:&quot;section-stretched&quot;}\">\n\t\t\t\t\t\t<div class=\"elementor-container elementor-column-gap-default\">\n\t\t\t\t\t<div class=\"elementor-column elementor-col-50 elementor-top-column elementor-element elementor-element-fd02d68\" data-id=\"fd02d68\" data-element_type=\"column\" data-e-type=\"column\">\n\t\t\t<div class=\"elementor-widget-wrap elementor-element-populated\">\n\t\t\t\t\t\t<div class=\"elementor-element elementor-element-74d615c elementor-widget elementor-widget-image\" data-id=\"74d615c\" data-element_type=\"widget\" data-e-type=\"widget\" data-widget_type=\"image.default\">\n\t\t\t\t<div class=\"elementor-widget-container\">\n\t\t\t\t\t\t\t\t\t\t\t\t\t\t\t\t<a href=\"https:\/\/doi.org\/10.5281\/zenodo.17019571\" target=\"_blank\">\n\t\t\t\t\t\t\t<img fetchpriority=\"high\" decoding=\"async\" width=\"721\" height=\"1024\" src=\"https:\/\/editora.historiadapsicologia.com.br\/wp-content\/uploads\/2025\/09\/Capa-721x1024.png\" class=\"attachment-large size-large wp-image-759\" alt=\"Capa livro WikiHP\" srcset=\"https:\/\/editora.historiadapsicologia.com.br\/wp-content\/uploads\/2025\/09\/Capa-721x1024.png 721w, https:\/\/editora.historiadapsicologia.com.br\/wp-content\/uploads\/2025\/09\/Capa-211x300.png 211w, https:\/\/editora.historiadapsicologia.com.br\/wp-content\/uploads\/2025\/09\/Capa-768x1090.png 768w, https:\/\/editora.historiadapsicologia.com.br\/wp-content\/uploads\/2025\/09\/Capa-1082x1536.png 1082w, https:\/\/editora.historiadapsicologia.com.br\/wp-content\/uploads\/2025\/09\/Capa.png 1409w\" sizes=\"(max-width: 721px) 100vw, 721px\" style=\"width:100%;height:141.94%;max-width:1409px\" \/>\t\t\t\t\t\t\t\t<\/a>\n\t\t\t\t\t\t\t\t\t\t\t\t\t\t\t<\/div>\n\t\t\t\t<\/div>\n\t\t\t\t\t<\/div>\n\t\t<\/div>\n\t\t\t\t<div class=\"elementor-column elementor-col-50 elementor-top-column elementor-element elementor-element-c815fa9\" data-id=\"c815fa9\" data-element_type=\"column\" data-e-type=\"column\">\n\t\t\t<div class=\"elementor-widget-wrap elementor-element-populated\">\n\t\t\t\t\t\t<div class=\"elementor-element elementor-element-aad3561 elementor-widget__width-initial elementor-widget elementor-widget-text-editor\" data-id=\"aad3561\" data-element_type=\"widget\" data-e-type=\"widget\" data-widget_type=\"text-editor.default\">\n\t\t\t\t<div class=\"elementor-widget-container\">\n\t\t\t\t\t\t\t\t\t<h2 id=\"sparrow\" class=\"has-text-align-left has-large-font-size wp-block-heading\"><em><strong>WikiHP: defini\u00e7\u00f5es, orienta\u00e7\u00f5es e estilo<\/strong><\/em><\/h2><h2 class=\"has-text-align-left has-medium-font-size wp-block-heading\">\u00a0<\/h2><h2 class=\"has-text-align-left has-medium-font-size wp-block-heading\">Andr\u00e9 Elias Morelli Ribeiro<\/h2><p>J\u00falia Lombardi Carneiro<\/p><p>\u00a0<\/p><p>ISBN: 978-65-997325-6-0<\/p><p>\u00a0<\/p><p id=\"sparrow\" class=\"has-text-align-left has-medium-font-size wp-block-heading\"><em><a href=\"https:\/\/doi.org\/10.5281\/zenodo.17019571\">DOI<\/a><\/em><\/p><p class=\"has-text-align-left has-medium-font-size\"><em><a href=\"https:\/\/editora.historiadapsicologia.com.br\/wp-content\/uploads\/2026\/03\/WikiHP-definicoes-orientacoes-e-estilo-2a-ed.pdf\">Visualiza\u00e7\u00e3o<\/a><\/em><\/p><p><a href=\"https:\/\/www.amazon.com.br\/dp\/B0GGZGMY8X\">Amazon<\/a><\/p>\t\t\t\t\t\t\t\t<\/div>\n\t\t\t\t<\/div>\n\t\t\t\t\t<\/div>\n\t\t<\/div>\n\t\t\t\t\t<\/div>\n\t\t<\/section>\n\t\t\t\t<section class=\"elementor-section elementor-top-section elementor-element elementor-element-b5313e0 elementor-section-boxed elementor-section-height-default elementor-section-height-default\" data-id=\"b5313e0\" data-element_type=\"section\" data-e-type=\"section\">\n\t\t\t\t\t\t<div class=\"elementor-container elementor-column-gap-default\">\n\t\t\t\t\t<div class=\"elementor-column elementor-col-100 elementor-top-column elementor-element elementor-element-cd8dd7a\" data-id=\"cd8dd7a\" data-element_type=\"column\" data-e-type=\"column\">\n\t\t\t<div class=\"elementor-widget-wrap elementor-element-populated\">\n\t\t\t\t\t\t<div class=\"elementor-element elementor-element-83410a9 elementor-widget-divider--view-line elementor-widget elementor-widget-divider\" data-id=\"83410a9\" data-element_type=\"widget\" data-e-type=\"widget\" data-widget_type=\"divider.default\">\n\t\t\t\t<div class=\"elementor-widget-container\">\n\t\t\t\t\t\t\t<div class=\"elementor-divider\">\n\t\t\t<span class=\"elementor-divider-separator\">\n\t\t\t\t\t\t<\/span>\n\t\t<\/div>\n\t\t\t\t\t\t<\/div>\n\t\t\t\t<\/div>\n\t\t\t\t\t<\/div>\n\t\t<\/div>\n\t\t\t\t\t<\/div>\n\t\t<\/section>\n\t\t\t\t<section class=\"elementor-section elementor-top-section elementor-element elementor-element-c2abdf3 elementor-section-stretched elementor-section-boxed elementor-section-height-default elementor-section-height-default\" data-id=\"c2abdf3\" data-element_type=\"section\" data-e-type=\"section\" data-settings=\"{&quot;stretch_section&quot;:&quot;section-stretched&quot;}\">\n\t\t\t\t\t\t<div class=\"elementor-container elementor-column-gap-default\">\n\t\t\t\t\t<div class=\"elementor-column elementor-col-100 elementor-top-column elementor-element elementor-element-a482aa2\" data-id=\"a482aa2\" data-element_type=\"column\" data-e-type=\"column\">\n\t\t\t<div class=\"elementor-widget-wrap elementor-element-populated\">\n\t\t\t\t\t\t<div class=\"elementor-element elementor-element-1c6ddd7 elementor-widget elementor-widget-text-editor\" data-id=\"1c6ddd7\" data-element_type=\"widget\" data-e-type=\"widget\" data-widget_type=\"text-editor.default\">\n\t\t\t\t<div class=\"elementor-widget-container\">\n\t\t\t\t\t\t\t\t\t<p>Como citar:<\/p><p>\u00a0<\/p><p><strong>ABNT<br \/><\/strong>RIBEIRO, Andr\u00e9 Elias Morelli; CARNEIRO, J\u00falia Lombardi.\u00a0<strong>WikiHP<\/strong>: defini\u00e7\u00f5es, orienta\u00e7\u00f5es e estilo. Rio das Ostras, RJ: Editora do Portal Hist\u00f3ria da Psicologia, 2025. Dispon\u00edvel em: https:\/\/doi.org\/10.5281\/zenodo.17019571. Acesso em:<\/p><p>\u00a0<\/p><p>\u00a0<\/p><p><strong>APA<\/strong><\/p><p>Ribeiro, A. E. M., Carneiro, J. L. (2025).\u00a0<em>WikiHP: defini\u00e7\u00f5es, orienta\u00e7\u00f5es e estilo<\/em>. Rio das Ostras: Editora do Portal Hist\u00f3ria da Psicologia. Retirado de https:\/\/doi.org\/10.5281\/zenodo.17019571<\/p>\t\t\t\t\t\t\t\t<\/div>\n\t\t\t\t<\/div>\n\t\t\t\t\t<\/div>\n\t\t<\/div>\n\t\t\t\t\t<\/div>\n\t\t<\/section>\n\t\t\t\t<section class=\"elementor-section elementor-top-section elementor-element elementor-element-0345b6a elementor-section-boxed elementor-section-height-default elementor-section-height-default\" data-id=\"0345b6a\" data-element_type=\"section\" data-e-type=\"section\">\n\t\t\t\t\t\t<div class=\"elementor-container elementor-column-gap-default\">\n\t\t\t\t\t<div class=\"elementor-column elementor-col-100 elementor-top-column elementor-element elementor-element-cf435c0\" data-id=\"cf435c0\" data-element_type=\"column\" data-e-type=\"column\">\n\t\t\t<div class=\"elementor-widget-wrap elementor-element-populated\">\n\t\t\t\t\t\t<div class=\"elementor-element elementor-element-33b51f2 elementor-widget-divider--view-line elementor-widget elementor-widget-divider\" data-id=\"33b51f2\" data-element_type=\"widget\" data-e-type=\"widget\" data-widget_type=\"divider.default\">\n\t\t\t\t<div class=\"elementor-widget-container\">\n\t\t\t\t\t\t\t<div class=\"elementor-divider\">\n\t\t\t<span class=\"elementor-divider-separator\">\n\t\t\t\t\t\t<\/span>\n\t\t<\/div>\n\t\t\t\t\t\t<\/div>\n\t\t\t\t<\/div>\n\t\t\t\t\t<\/div>\n\t\t<\/div>\n\t\t\t\t\t<\/div>\n\t\t<\/section>\n\t\t\t\t<section class=\"elementor-section elementor-top-section elementor-element elementor-element-4709b3e elementor-section-boxed elementor-section-height-default elementor-section-height-default\" data-id=\"4709b3e\" data-element_type=\"section\" data-e-type=\"section\">\n\t\t\t\t\t\t<div class=\"elementor-container elementor-column-gap-default\">\n\t\t\t\t\t<div class=\"elementor-column elementor-col-100 elementor-top-column elementor-element elementor-element-b2841fa\" data-id=\"b2841fa\" data-element_type=\"column\" data-e-type=\"column\">\n\t\t\t<div class=\"elementor-widget-wrap elementor-element-populated\">\n\t\t\t\t\t\t<div class=\"elementor-element elementor-element-3662722 elementor-widget elementor-widget-pdfjs-viewer\" data-id=\"3662722\" data-element_type=\"widget\" data-e-type=\"widget\" data-widget_type=\"pdfjs-viewer.default\">\n\t\t\t\t<div class=\"elementor-widget-container\">\n\t\t\t\t\t<iframe width=\"\" height=\"1000\" src=\"https:\/\/editora.historiadapsicologia.com.br\/wp-content\/plugins\/pdfjs-viewer-for-elementor\/\/assets\/js\/pdfjs\/web\/viewer.html?file=https:\/\/editora.historiadapsicologia.com.br\/wp-content\/uploads\/2026\/03\/WikiHP-definicoes-orientacoes-e-estilo-2a-ed.pdf\"><\/iframe>\t\t\t\t<\/div>\n\t\t\t\t<\/div>\n\t\t\t\t\t<\/div>\n\t\t<\/div>\n\t\t\t\t\t<\/div>\n\t\t<\/section>\n\t\t\t\t<\/div>\n\t\t","protected":false},"excerpt":{"rendered":"<p>WikiHP: defini\u00e7\u00f5es, orienta\u00e7\u00f5es e estilo \u00a0 Andr\u00e9 Elias Morelli Ribeiro J\u00falia Lombardi Carneiro \u00a0 ISBN: 978-65-997325-6-0 \u00a0 DOI Visualiza\u00e7\u00e3o Amazon Como citar: \u00a0 ABNTRIBEIRO, Andr\u00e9 Elias Morelli; CARNEIRO, J\u00falia Lombardi.\u00a0WikiHP: defini\u00e7\u00f5es, orienta\u00e7\u00f5es e estilo. Rio das Ostras, RJ: Editora do Portal Hist\u00f3ria da Psicologia, 2025. Dispon\u00edvel em: https:\/\/doi.org\/10.5281\/zenodo.17019571. Acesso em: \u00a0 \u00a0 APA Ribeiro, A.&hellip; <a class=\"more-link\" href=\"https:\/\/editora.historiadapsicologia.com.br\/index.php\/wikihp-2a-ed\/\">Continuar lendo <span class=\"screen-reader-text\">WikiHP 2a ed<\/span><\/a><\/p>\n","protected":false},"author":1,"featured_media":0,"parent":0,"menu_order":0,"comment_status":"closed","ping_status":"closed","template":"","meta":{"_monsterinsights_skip_tracking":false,"_monsterinsights_sitenote_active":false,"_monsterinsights_sitenote_note":"","_monsterinsights_sitenote_category":0,"footnotes":""},"class_list":["post-757","page","type-page","status-publish","hentry","entry"],"yoast_head":"<!-- This site is optimized with the Yoast SEO plugin v27.2 - https:\/\/yoast.com\/product\/yoast-seo-wordpress\/ -->\n<title>WikiHP 2a ed - Editora do Portal<\/title>\n<meta name=\"robots\" content=\"index, follow, max-snippet:-1, max-image-preview:large, max-video-preview:-1\" \/>\n<link rel=\"canonical\" href=\"https:\/\/editora.historiadapsicologia.com.br\/index.php\/wikihp-2a-ed\/\" \/>\n<meta property=\"og:locale\" content=\"pt_BR\" \/>\n<meta property=\"og:type\" content=\"article\" \/>\n<meta property=\"og:title\" content=\"WikiHP 2a ed - Editora do Portal\" \/>\n<meta property=\"og:description\" content=\"WikiHP: defini\u00e7\u00f5es, orienta\u00e7\u00f5es e estilo \u00a0 Andr\u00e9 Elias Morelli Ribeiro J\u00falia Lombardi Carneiro \u00a0 ISBN: 978-65-997325-6-0 \u00a0 DOI Visualiza\u00e7\u00e3o Amazon Como citar: \u00a0 ABNTRIBEIRO, Andr\u00e9 Elias Morelli; CARNEIRO, J\u00falia Lombardi.\u00a0WikiHP: defini\u00e7\u00f5es, orienta\u00e7\u00f5es e estilo. Rio das Ostras, RJ: Editora do Portal Hist\u00f3ria da Psicologia, 2025. Dispon\u00edvel em: https:\/\/doi.org\/10.5281\/zenodo.17019571. Acesso em: \u00a0 \u00a0 APA Ribeiro, A.&hellip; Continuar lendo WikiHP 2a ed\" \/>\n<meta property=\"og:url\" content=\"https:\/\/editora.historiadapsicologia.com.br\/index.php\/wikihp-2a-ed\/\" \/>\n<meta property=\"og:site_name\" content=\"Editora do Portal\" \/>\n<meta property=\"article:publisher\" content=\"https:\/\/www.facebook.com\/HistoriaDaPsicologiaBrasil\/\" \/>\n<meta property=\"article:modified_time\" content=\"2026-03-17T12:27:21+00:00\" \/>\n<meta property=\"og:image\" content=\"https:\/\/editora.historiadapsicologia.com.br\/wp-content\/uploads\/2025\/09\/Capa-721x1024.png\" \/>\n\t<meta property=\"og:image:width\" content=\"721\" \/>\n\t<meta property=\"og:image:height\" content=\"1024\" \/>\n\t<meta property=\"og:image:type\" content=\"image\/png\" \/>\n<meta name=\"twitter:card\" content=\"summary_large_image\" \/>\n<meta name=\"twitter:site\" content=\"@Hist_Psicologia\" \/>\n<meta name=\"twitter:label1\" content=\"Est. tempo de leitura\" \/>\n\t<meta name=\"twitter:data1\" content=\"1 minuto\" \/>\n<script type=\"application\/ld+json\" class=\"yoast-schema-graph\">{\"@context\":\"https:\/\/schema.org\",\"@graph\":[{\"@type\":\"WebPage\",\"@id\":\"https:\/\/editora.historiadapsicologia.com.br\/index.php\/wikihp-2a-ed\/\",\"url\":\"https:\/\/editora.historiadapsicologia.com.br\/index.php\/wikihp-2a-ed\/\",\"name\":\"WikiHP 2a ed - Editora do Portal\",\"isPartOf\":{\"@id\":\"https:\/\/editora.historiadapsicologia.com.br\/#website\"},\"primaryImageOfPage\":{\"@id\":\"https:\/\/editora.historiadapsicologia.com.br\/index.php\/wikihp-2a-ed\/#primaryimage\"},\"image\":{\"@id\":\"https:\/\/editora.historiadapsicologia.com.br\/index.php\/wikihp-2a-ed\/#primaryimage\"},\"thumbnailUrl\":\"https:\/\/editora.historiadapsicologia.com.br\/wp-content\/uploads\/2025\/09\/Capa-721x1024.png\",\"datePublished\":\"2025-09-05T19:16:34+00:00\",\"dateModified\":\"2026-03-17T12:27:21+00:00\",\"breadcrumb\":{\"@id\":\"https:\/\/editora.historiadapsicologia.com.br\/index.php\/wikihp-2a-ed\/#breadcrumb\"},\"inLanguage\":\"pt-BR\",\"potentialAction\":[{\"@type\":\"ReadAction\",\"target\":[\"https:\/\/editora.historiadapsicologia.com.br\/index.php\/wikihp-2a-ed\/\"]}]},{\"@type\":\"ImageObject\",\"inLanguage\":\"pt-BR\",\"@id\":\"https:\/\/editora.historiadapsicologia.com.br\/index.php\/wikihp-2a-ed\/#primaryimage\",\"url\":\"https:\/\/editora.historiadapsicologia.com.br\/wp-content\/uploads\/2025\/09\/Capa.png\",\"contentUrl\":\"https:\/\/editora.historiadapsicologia.com.br\/wp-content\/uploads\/2025\/09\/Capa.png\",\"width\":1409,\"height\":2000,\"caption\":\"WikiHP: defini\u00e7\u00f5es, orienta\u00e7\u00f5es e estilo\"},{\"@type\":\"BreadcrumbList\",\"@id\":\"https:\/\/editora.historiadapsicologia.com.br\/index.php\/wikihp-2a-ed\/#breadcrumb\",\"itemListElement\":[{\"@type\":\"ListItem\",\"position\":1,\"name\":\"In\u00edcio\",\"item\":\"https:\/\/editora.historiadapsicologia.com.br\/\"},{\"@type\":\"ListItem\",\"position\":2,\"name\":\"WikiHP 2a ed\"}]},{\"@type\":\"WebSite\",\"@id\":\"https:\/\/editora.historiadapsicologia.com.br\/#website\",\"url\":\"https:\/\/editora.historiadapsicologia.com.br\/\",\"name\":\"Editora do Portal\",\"description\":\"Editora vinculada ao Portal Hist\u00f3ria da Psicologia\",\"publisher\":{\"@id\":\"https:\/\/editora.historiadapsicologia.com.br\/#organization\"},\"potentialAction\":[{\"@type\":\"SearchAction\",\"target\":{\"@type\":\"EntryPoint\",\"urlTemplate\":\"https:\/\/editora.historiadapsicologia.com.br\/?s={search_term_string}\"},\"query-input\":{\"@type\":\"PropertyValueSpecification\",\"valueRequired\":true,\"valueName\":\"search_term_string\"}}],\"inLanguage\":\"pt-BR\"},{\"@type\":\"Organization\",\"@id\":\"https:\/\/editora.historiadapsicologia.com.br\/#organization\",\"name\":\"Editora do Portal\",\"url\":\"https:\/\/editora.historiadapsicologia.com.br\/\",\"logo\":{\"@type\":\"ImageObject\",\"inLanguage\":\"pt-BR\",\"@id\":\"https:\/\/editora.historiadapsicologia.com.br\/#\/schema\/logo\/image\/\",\"url\":\"https:\/\/editora.historiadapsicologia.com.br\/wp-content\/uploads\/2023\/04\/cropped-Logo-editora-simples.jpg\",\"contentUrl\":\"https:\/\/editora.historiadapsicologia.com.br\/wp-content\/uploads\/2023\/04\/cropped-Logo-editora-simples.jpg\",\"width\":582,\"height\":450,\"caption\":\"Editora do Portal\"},\"image\":{\"@id\":\"https:\/\/editora.historiadapsicologia.com.br\/#\/schema\/logo\/image\/\"},\"sameAs\":[\"https:\/\/www.facebook.com\/HistoriaDaPsicologiaBrasil\/\",\"https:\/\/x.com\/Hist_Psicologia\",\"https:\/\/www.instagram.com\/historiadapsicologia\"]}]}<\/script>\n<!-- \/ Yoast SEO plugin. -->","yoast_head_json":{"title":"WikiHP 2a ed - Editora do Portal","robots":{"index":"index","follow":"follow","max-snippet":"max-snippet:-1","max-image-preview":"max-image-preview:large","max-video-preview":"max-video-preview:-1"},"canonical":"https:\/\/editora.historiadapsicologia.com.br\/index.php\/wikihp-2a-ed\/","og_locale":"pt_BR","og_type":"article","og_title":"WikiHP 2a ed - Editora do Portal","og_description":"WikiHP: defini\u00e7\u00f5es, orienta\u00e7\u00f5es e estilo \u00a0 Andr\u00e9 Elias Morelli Ribeiro J\u00falia Lombardi Carneiro \u00a0 ISBN: 978-65-997325-6-0 \u00a0 DOI Visualiza\u00e7\u00e3o Amazon Como citar: \u00a0 ABNTRIBEIRO, Andr\u00e9 Elias Morelli; CARNEIRO, J\u00falia Lombardi.\u00a0WikiHP: defini\u00e7\u00f5es, orienta\u00e7\u00f5es e estilo. Rio das Ostras, RJ: Editora do Portal Hist\u00f3ria da Psicologia, 2025. Dispon\u00edvel em: https:\/\/doi.org\/10.5281\/zenodo.17019571. Acesso em: \u00a0 \u00a0 APA Ribeiro, A.&hellip; Continuar lendo WikiHP 2a ed","og_url":"https:\/\/editora.historiadapsicologia.com.br\/index.php\/wikihp-2a-ed\/","og_site_name":"Editora do Portal","article_publisher":"https:\/\/www.facebook.com\/HistoriaDaPsicologiaBrasil\/","article_modified_time":"2026-03-17T12:27:21+00:00","og_image":[{"width":721,"height":1024,"url":"https:\/\/editora.historiadapsicologia.com.br\/wp-content\/uploads\/2025\/09\/Capa-721x1024.png","type":"image\/png"}],"twitter_card":"summary_large_image","twitter_site":"@Hist_Psicologia","twitter_misc":{"Est. tempo de leitura":"1 minuto"},"schema":{"@context":"https:\/\/schema.org","@graph":[{"@type":"WebPage","@id":"https:\/\/editora.historiadapsicologia.com.br\/index.php\/wikihp-2a-ed\/","url":"https:\/\/editora.historiadapsicologia.com.br\/index.php\/wikihp-2a-ed\/","name":"WikiHP 2a ed - Editora do Portal","isPartOf":{"@id":"https:\/\/editora.historiadapsicologia.com.br\/#website"},"primaryImageOfPage":{"@id":"https:\/\/editora.historiadapsicologia.com.br\/index.php\/wikihp-2a-ed\/#primaryimage"},"image":{"@id":"https:\/\/editora.historiadapsicologia.com.br\/index.php\/wikihp-2a-ed\/#primaryimage"},"thumbnailUrl":"https:\/\/editora.historiadapsicologia.com.br\/wp-content\/uploads\/2025\/09\/Capa-721x1024.png","datePublished":"2025-09-05T19:16:34+00:00","dateModified":"2026-03-17T12:27:21+00:00","breadcrumb":{"@id":"https:\/\/editora.historiadapsicologia.com.br\/index.php\/wikihp-2a-ed\/#breadcrumb"},"inLanguage":"pt-BR","potentialAction":[{"@type":"ReadAction","target":["https:\/\/editora.historiadapsicologia.com.br\/index.php\/wikihp-2a-ed\/"]}]},{"@type":"ImageObject","inLanguage":"pt-BR","@id":"https:\/\/editora.historiadapsicologia.com.br\/index.php\/wikihp-2a-ed\/#primaryimage","url":"https:\/\/editora.historiadapsicologia.com.br\/wp-content\/uploads\/2025\/09\/Capa.png","contentUrl":"https:\/\/editora.historiadapsicologia.com.br\/wp-content\/uploads\/2025\/09\/Capa.png","width":1409,"height":2000,"caption":"WikiHP: defini\u00e7\u00f5es, orienta\u00e7\u00f5es e estilo"},{"@type":"BreadcrumbList","@id":"https:\/\/editora.historiadapsicologia.com.br\/index.php\/wikihp-2a-ed\/#breadcrumb","itemListElement":[{"@type":"ListItem","position":1,"name":"In\u00edcio","item":"https:\/\/editora.historiadapsicologia.com.br\/"},{"@type":"ListItem","position":2,"name":"WikiHP 2a ed"}]},{"@type":"WebSite","@id":"https:\/\/editora.historiadapsicologia.com.br\/#website","url":"https:\/\/editora.historiadapsicologia.com.br\/","name":"Editora do Portal","description":"Editora vinculada ao Portal Hist\u00f3ria da Psicologia","publisher":{"@id":"https:\/\/editora.historiadapsicologia.com.br\/#organization"},"potentialAction":[{"@type":"SearchAction","target":{"@type":"EntryPoint","urlTemplate":"https:\/\/editora.historiadapsicologia.com.br\/?s={search_term_string}"},"query-input":{"@type":"PropertyValueSpecification","valueRequired":true,"valueName":"search_term_string"}}],"inLanguage":"pt-BR"},{"@type":"Organization","@id":"https:\/\/editora.historiadapsicologia.com.br\/#organization","name":"Editora do Portal","url":"https:\/\/editora.historiadapsicologia.com.br\/","logo":{"@type":"ImageObject","inLanguage":"pt-BR","@id":"https:\/\/editora.historiadapsicologia.com.br\/#\/schema\/logo\/image\/","url":"https:\/\/editora.historiadapsicologia.com.br\/wp-content\/uploads\/2023\/04\/cropped-Logo-editora-simples.jpg","contentUrl":"https:\/\/editora.historiadapsicologia.com.br\/wp-content\/uploads\/2023\/04\/cropped-Logo-editora-simples.jpg","width":582,"height":450,"caption":"Editora do Portal"},"image":{"@id":"https:\/\/editora.historiadapsicologia.com.br\/#\/schema\/logo\/image\/"},"sameAs":["https:\/\/www.facebook.com\/HistoriaDaPsicologiaBrasil\/","https:\/\/x.com\/Hist_Psicologia","https:\/\/www.instagram.com\/historiadapsicologia"]}]}},"_links":{"self":[{"href":"https:\/\/editora.historiadapsicologia.com.br\/index.php\/wp-json\/wp\/v2\/pages\/757","targetHints":{"allow":["GET"]}}],"collection":[{"href":"https:\/\/editora.historiadapsicologia.com.br\/index.php\/wp-json\/wp\/v2\/pages"}],"about":[{"href":"https:\/\/editora.historiadapsicologia.com.br\/index.php\/wp-json\/wp\/v2\/types\/page"}],"author":[{"embeddable":true,"href":"https:\/\/editora.historiadapsicologia.com.br\/index.php\/wp-json\/wp\/v2\/users\/1"}],"replies":[{"embeddable":true,"href":"https:\/\/editora.historiadapsicologia.com.br\/index.php\/wp-json\/wp\/v2\/comments?post=757"}],"version-history":[{"count":28,"href":"https:\/\/editora.historiadapsicologia.com.br\/index.php\/wp-json\/wp\/v2\/pages\/757\/revisions"}],"predecessor-version":[{"id":1075,"href":"https:\/\/editora.historiadapsicologia.com.br\/index.php\/wp-json\/wp\/v2\/pages\/757\/revisions\/1075"}],"wp:attachment":[{"href":"https:\/\/editora.historiadapsicologia.com.br\/index.php\/wp-json\/wp\/v2\/media?parent=757"}],"curies":[{"name":"wp","href":"https:\/\/api.w.org\/{rel}","templated":true}]}}